{"id":252,"date":"2025-08-27T00:31:40","date_gmt":"2025-08-26T23:31:40","guid":{"rendered":"https:\/\/gomos.se\/?page_id=252"},"modified":"2026-02-24T22:56:21","modified_gmt":"2026-02-24T20:56:21","slug":"parishes","status":"publish","type":"page","link":"https:\/\/gomos.se\/en\/about-the-metropolis\/parishes\/","title":{"rendered":"Parishes"},"content":{"rendered":"\n<h2 class=\"wp-block-heading has-large-font-size\" style=\"padding-top:var(--wp--preset--spacing--40);padding-bottom:var(--wp--preset--spacing--40)\">Parishes<\/h2>\n\n\n\n<figure class=\"wp-block-table is-style-stripes\" style=\"padding-top:0;padding-right:0;padding-bottom:0;padding-left:0\"><table><tbody><tr><td>1<\/td><td class=\"has-text-align-left\" data-align=\"left\"><strong>St. George Greek Orthodox Cathedral in Stockholm, Sweden.<\/strong><br>Parish Clergy:Archimandrite Vartholomeos Iatridis. Church mailing address: St. George Greek Orthodox Cathedral. Birger Jarlsgatan 92, 114 20 Stockholm, Sweden. <br>Church office tel.: +4686123481<br>Parish clergy e-mail addresses: <a href=\"mailto:frbartholomeos@gmail.com\">frbartholomeos@gmail.com<\/a> <br>Parish priest tel.: Fr. Vartholomeos: +46735429745<br><br><\/td><\/tr><tr><td>2<\/td><td class=\"has-text-align-left\" data-align=\"left\"><strong>Annunciation Greek Orthodox Metropolitan Church in Oslo, Norway.<\/strong><br>Presiding Priest: Presbyter George Kanakaris. <br>Parish Priest:&nbsp; Protopresbyter Maxime Lesage. Church mailing address: Annunciation Greek Orthodox Metropolitan Church. Thor Olsens gate 9, 0177 Oslo, Norway. <br>Presiding Priest\u2019s e-mail address: <a href=\"mailto:greskprest@gmail.com\">greskprest@gmail.com<\/a> <br>Parish Priest\u2019s e-mail address: <a href=\"mailto:maximelesage@gmail.com\" target=\"_blank\" rel=\"noreferrer noopener\">maximelesage@gmail.com<\/a> <br>Presiding Priest\u2019s tel.: +4796831734<br>Parish Priest\u2019s tel: +4793664137<br><br><\/td><\/tr><tr><td>3<\/td><td class=\"has-text-align-left\" data-align=\"left\"><strong>St. Paul Greek Orthodox Parish in Uppsala, Sweden.<\/strong><br>Parish Priest:&nbsp;Archimandrite Sosipatros Stefanoudis. <br>Church mailing address: St. Paul Greek Orthodox Parish. Sysslomansgatan 46, 752 27 Uppsala, Sweden. <br>Church office tel.: +4618532023<br>Parish priest\u2019s e-mail address: <a href=\"mailto:stafan70@hotmail.com\">stafan70@hotmail.com<\/a> <br>Parish priest\u2019s tel.: +46735614845<br>Parish Facebook page: <a href=\"https:\/\/www.facebook.com\/groups\/apostolospavlosuppsala\" target=\"_blank\" rel=\"noopener\" title=\"\">https:\/\/www.facebook.com\/groups\/apostolospavlosuppsala<\/a><br><br><\/td><\/tr><tr><td>4<\/td><td class=\"has-text-align-left\" data-align=\"left\"><strong>Holy Trinity Greek Orthodox Parish in Gothenburg, Sweden.<\/strong><br>Parish Priest: Archimandrite Sosipatros Stefanoudis. <br>Church mailing address: Holy Trinity Greek Orthodox Parish. Sehlstedtsgatan 10, 417 20 G\u00f6teborg, Sweden. <br>Parish priest\u2019s e-mail address: <a href=\"mailto:stafan70@hotmail.com\">stafan70@hotmail.com<\/a> <br>Parish priest\u2019s tel.: +46735614845<br><br><\/td><\/tr><tr><td>5<\/td><td class=\"has-text-align-left\" data-align=\"left\"><strong>St. Nicholas Finnish Orthodox Parish in Stockholm, Sweden.<\/strong><br>Served in rotation by the Holy Archdiocese of Finland Clergy. <br>Church mailing address: St. Nicholas Finnish Orthodox Parish. Bellmansgatan 13, 118 47 Stockholm, Sweden. <br>Church office tel.: +4686121409<br>Church office e-mail address: <a href=\"mailto:info@ortodox-finsk.se\">info@ortodox-finsk.se<\/a><br><br><\/td><\/tr><tr><td>6<\/td><td class=\"has-text-align-left\" data-align=\"left\"><strong>Apostle Cleopas Greek Orthodox Parish in Kalmar, Sweden.<\/strong><br>Parish Priest: Protopresbyter Christos Letsios. <br>Assistant Priest: Economos Nikolaos Rigas. <br>Church mailing address: Apostle Cleopas Greek Orthodox Parish. Skogssalen chapel, Kungsg\u00e5rdsv\u00e4gen 2B, 39337 Kalmar, Sweden. <br>Parish Priest Home address: Rev. Christos Letsios. Lybecksv\u00e4gen 3 C, 39354 Kalmar, Sweden. <br>Parish priest\u2019s e-mail address: christos.letsios1939@gmail.com <br>Parish priest\u2019s tel.: +46704349550<br>Assistant priest\u2019s e-mail address: <a href=\"mailto:rigas_nikolaos@yahoo.gr\">rigas_nikolaos@yahoo.gr<\/a> <br>Assistant priest\u2019s tel.: +46729654678<br><br><\/td><\/tr><tr><td>7<\/td><td class=\"has-text-align-left\" data-align=\"left\"><strong>Entry of the Theotokos into the Temple Greek Orthodox Parish in Bor\u00e5s, Sweden.<\/strong><br>Parish Priest: V. Rev. Sosipatros Stefanoudis. <br>Church mailing address: Panagia Greek Orthodox Parish. (St. Birgitta Grifteg\u00e5rd) <br>G\u00f6tagatan 14, 50430 Bor\u00e5s, Sweden. <br>Parish priest\u2019s e-mail address: <a href=\"mailto:stafan70@hotmail.com\">stafan70@hotmail.com<\/a> <br>Parish priest\u2019s tel.: +46735614845<br><br><\/td><\/tr><tr><td>8<\/td><td class=\"has-text-align-left\" data-align=\"left\"><strong>Sts. Constantine &#038; Helen Greek Orthodox Parish in J\u00f6nk\u00f6ping, Sweden.<\/strong><br>Parish Priest: Archimandrite Sosipatros Stefanoudis. <br>Church mailing address: Sts. Constantine &#038; Helen Greek Orthodox Parish. Erik Dahlbergsgatan 10, 55337 J\u00f6nk\u00f6ping, Sweden. Parish priest\u2019s e-mail address: <a href=\"mailto:stafan70@hotmail.com\">stafan70@hotmail.com<\/a> <br>Parish priest\u2019s tel.: +46735614845<br><br><\/td><\/tr><tr><td>9<\/td><td class=\"has-text-align-left\" data-align=\"left\"><strong>St. Nectarios Greek Orthodox Parish in Stavanger, Norway.<\/strong><br>Presiding Priest: Presbyter George Kanakaris. <br>Parish Priest\u2019s e-mail address: <a href=\"mailto:greskprest@gmail.com\">greskprest@gmail.com<\/a> <br>Parish Priest\u2019s tel.: +4796831734<br><br><\/td><\/tr><tr><td>10<\/td><td class=\"has-text-align-left\" data-align=\"left\"><strong>St. George of Ioannina Greek Orthodox Parish in Roskilde, Denmark.<\/strong><br>Parish Priest: V. Rev. Sosipatros Stefanoudis. <br>Church mailing address: St. George of Ioannina Greek Orthodox Parish. (Katolsk Apostolisk kirke) Toldbodgade 7, 4000 Roskilde, Denmark. &nbsp;<br>Parish Priest e-mail address: <a href=\"mailto:stafan70@hotmail.com\">stafan70@hotmail.com<\/a> <br>Parish priest\u2019s tel.: +46735614845. <br>Parish website address: <a href=\"https:\/\/greekorthodoxparishroskilde.com\/\" target=\"_blank\" rel=\"noreferrer noopener\">https:\/\/greekorthodoxparishroskilde.com<\/a> <br>Parish Facebook page:<a href=\"https:\/\/www.facebook.com\/stGeorgeRoskilde\" target=\"_blank\" rel=\"noopener\" title=\"\"> https:\/\/www.facebook.com\/stGeorgeRoskilde<\/a><br><br><\/td><\/tr><tr><td>11<\/td><td class=\"has-text-align-left\" data-align=\"left\"><strong>Apostle Andrew Greek Orthodox Parish in Malm\u00f6, Sweden.<\/strong><br>Church mailing address: Apostle Andrew Greek Orthodox Parish. c\/o Metropolis of Sweden. Birger Jarlsgatan 92, 114 20 Stockholm, Sweden. <br>Parish Priest: V. Rev. Sosipatros Stefanoudis. <br>Parish Priest e-mail address: <a href=\"mailto:stafan70@hotmail.com\">stafan70@hotmail.com<\/a> <br>Parish website address: <a href=\"https:\/\/greekorthodoxchurchmalmo.com\" target=\"_blank\" rel=\"noopener\" title=\"\">https:\/\/greekorthodoxchurchmalmo.com<\/a><br>Parish Facebook page: <a href=\"https:\/\/www.facebook.com\/standreasmalmo\" target=\"_blank\" rel=\"noopener\" title=\"\">https:\/\/www.facebook.com\/standreasmalmo<\/a><br>Parish priest\u2019s tel.: +46735614845<br><br><\/td><\/tr><tr><td>12<\/td><td class=\"has-text-align-left\" data-align=\"left\"><strong>St. Chrysostom of Smyrna Greek Orthodox Parish in Bergen, Norway.<\/strong><br>Presiding Priest: Presbyter George Kanakaris. <br>Parish Priest\u2019s e-mail address: <a href=\"mailto:greskprest@gmail.com\">greskprest@gmail.com<\/a> <br>Parish Priest\u2019s tel.: +4796831734<br><br><\/td><\/tr><tr><td>13<\/td><td class=\"has-text-align-left\" data-align=\"left\"><strong>St. Gerasimos of Cephalonia Greek Orthodox Parish in Trondheim, Norway.<\/strong><br>Presiding Priest: Presbyter George Kanakaris. <br>Parish Priest\u2019s e-mail address: <a href=\"mailto:greskprest@gmail.com\">greskprest@gmail.com<\/a> <br>Parish Priest\u2019s tel.: +4796831734<br><br><\/td><\/tr><tr><td>14<\/td><td class=\"has-text-align-left\" data-align=\"left\"><strong>Apostle Bartholomew Greek Orthodox Parish in Reykjavik, Iceland.<\/strong><br>Served in rotation by the Metropolis Clergy. <br>Church mailing address: Apostle Bartholomew Greek Orthodox Parish. (Fri\u00f0rikskapella in Reykjavik, Iceland)&nbsp;c\/o Metropolis of Sweden. Birger Jarlsgatan 92, 114 20 Stockholm, Sweden. <br>Metropolis tel.: +4686123481<br>Metropolis e-mail address: <a href=\"mailto:metropolisofsweden@gmail.com\">metropolisofsweden@gmail.com<\/a><br><br><\/td><\/tr><tr><td>15<\/td><td class=\"has-text-align-left\" data-align=\"left\"><strong>Transfiguration of Christ Orthodox Missionary Community in \u00d6verkalix, Sweden.<\/strong><br>Parish Priest: Presbyter Benedikt (Bengt) Pohjanen. Deacon Lars Urban Widetun. <br>Community\u2019s mailing address: Knusv\u00e4gen 10, SE-95632 \u00d6verkalix, Sweden. <br>Parish priest\u2019s e-mail address: <a href=\"mailto:bengt.pohjanen@sirillus.se\">bengt.pohjanen@sirillus.se<\/a> <br>Parish priest\u2019s tel.: +46705677529<br><br><\/td><\/tr><tr><td>16<\/td><td class=\"has-text-align-left\" data-align=\"left\"><strong>Sts. Demetrios &#038; Nestor Greek Orthodox Parish in \u00d6rebro, Sweden.<\/strong><br>Parish Priest:<strong> <\/strong>Economos George Arvanitidis. <br>Church mailing address: Sts. Demetrios &#038; Nestor Greek Orthodox Parish. (Gode Herden Kapell) Bj\u00f6rkrisv\u00e4gen 18, 70234 \u00d6rebro, Sweden. <br>Parish priest\u2019s e-mail address: <a href=\"mailto:gearv23@gmail.com\">gearv23@gmail.com<\/a> <br>Parish priest\u2019s tel.: +46739155267<br><br><\/td><\/tr><tr><td>17<\/td><td class=\"has-text-align-left\" data-align=\"left\"><strong>Saint Nicholas Hermitage in R\u00e4ttvik, Sweden.<\/strong><br>Hermitage Mailing Address: Sankt Nikolai Klostret. c\/o: Metropolis of Sweden. Birger Jarlsgatan 92, 114 20 Stockholm, Sweden. Metropolis tel.: +4686123481<br>Metropolis e-mail: <a href=\"mailto:metropolisofsweden@gmail.com\">metropolisofsweden@gmail.com<\/a><br><br><\/td><\/tr><\/tbody><\/table><\/figure>\n\n\n\n<p style=\"padding-top:var(--wp--preset--spacing--50);padding-bottom:var(--wp--preset--spacing--50)\"><\/p>\n","protected":false},"excerpt":{"rendered":"<p>Parishes 1 St. George Greek Orthodox Cathedral in Stockholm, Sweden.Parish Clergy:Archimandrite Vartholomeos Iatridis. Church mailing address: St. George Greek Orthodox Cathedral. Birger Jarlsgatan 92, 114 20 Stockholm, Sweden. Church office tel.: +4686123481Parish clergy e-mail addresses: frbartholomeos@gmail.com Parish priest tel.: Fr. Vartholomeos: +46735429745 2 Annunciation Greek Orthodox Metropolitan Church in Oslo, Norway.Presiding Priest: Presbyter George Kanakaris. [&hellip;]<\/p>\n","protected":false},"author":1,"featured_media":0,"parent":162,"menu_order":1,"comment_status":"closed","ping_status":"closed","template":"","meta":{"footnotes":""},"class_list":["post-252","page","type-page","status-publish","hentry"],"aioseo_notices":[],"jetpack_sharing_enabled":true,"jetpack-related-posts":[{"id":25,"url":"https:\/\/gomos.se\/en\/kontakt\/","url_meta":{"origin":252,"position":0},"title":"Contact","author":"mplexus","date":"May 21, 2025","format":false,"excerpt":"[:en] GREEK ORTHODOX METROPOLIS OF SWEDEN AND ALL SCANDINAVIA\u0399\u0395\u03a1\u0391 \u039c\u0397\u03a4\u03a1\u039f\u03a0\u039f\u039b\u0399\u03a3 \u03a3\u039f\u03a5\u0397\u0394\u0399\u0391\u03a3 \u039a\u0391\u0399 \u03a0\u0391\u03a3\u0397\u03a3 \u03a3\u039a\u0391\u039d\u0394\u0399\u039d\u0391\u03a5\u0399\u0391\u03a3 St. George Cathedral of Stockholm Contact a parish You can find the direct contact details for each parish. Parish contact details Contact the Metropolitan Metropolitan contact details Contact the Metropolis [:]","rel":"","context":"Similar post","block_context":{"text":"Similar post","link":""},"img":{"alt_text":"","src":"https:\/\/i0.wp.com\/gomos.se\/wp-content\/uploads\/2025\/05\/Metropolis-of-Sweden.png?resize=350%2C200&ssl=1","width":350,"height":200,"srcset":"https:\/\/i0.wp.com\/gomos.se\/wp-content\/uploads\/2025\/05\/Metropolis-of-Sweden.png?resize=350%2C200&ssl=1 1x, https:\/\/i0.wp.com\/gomos.se\/wp-content\/uploads\/2025\/05\/Metropolis-of-Sweden.png?resize=525%2C300&ssl=1 1.5x"},"classes":[]},{"id":912,"url":"https:\/\/gomos.se\/en\/ministries\/","url_meta":{"origin":252,"position":1},"title":"Ministries","author":"mplexus","date":"September 7, 2025","format":false,"excerpt":"[:en] Philoptochos ladies society Philoptochos Sunday School Sunday School classes for children, in the St. Georgios Cathedral of Stockholm. Sunday School Catechumens Adult catechism classes on the Orthodox Christian faith, in st. Georgios Cathedral of Stockholm and also from distance. Catechumens Youth Ministry GOYS Greek Orthodox Youth of Scandinavia every\u2026","rel":"","context":"Similar post","block_context":{"text":"Similar post","link":""},"img":{"alt_text":"","src":"","width":0,"height":0},"classes":[]},{"id":23,"url":"https:\/\/gomos.se\/en\/galleri\/","url_meta":{"origin":252,"position":2},"title":"Photo Gallery","author":"mplexus","date":"May 21, 2025","format":false,"excerpt":"[:en] Ecumenical Patriarch Bartholomew's Visits view gallery Metropolitan Cleopas' Visits view gallery St. George Cathedral of Stockholm view gallery Annunciation Metropolitan Church of Oslo view gallery Other Parishes view gallery St. Nicholas Hermitage of R\u00e4ttvik view gallery [:el] \u0391\u03c1\u03c7\u03b5\u03af\u03bf \u03b5\u03b9\u03ba\u03cc\u03bd\u03c9\u03bd \u03c4\u03b7\u03c2 \u039c\u03b7\u03c4\u03c1\u03cc\u03c0\u03bf\u03bb\u03b7\u03c2 \u03a3\u03bf\u03c5\u03b7\u03b4\u03af\u03b1\u03c2 \u03ba\u03b1\u03b9 \u03c0\u03ac\u03c3\u03b7\u03c2 \u03a3\u03ba\u03b1\u03bd\u03b4\u03b9\u03bd\u03b1\u03b2\u03af\u03b1\u03c2 \u039a\u03b1\u03b8\u03b5\u03b4\u03c1\u03b9\u03ba\u03cc\u03c2 \u03bd\u03b1\u03cc\u03c2 \u0391\u03b3\u03af\u03bf\u03c5 \u0393\u03b5\u03c9\u03c1\u03b3\u03af\u03bf\u03c5\u2026","rel":"","context":"Similar post","block_context":{"text":"Similar post","link":""},"img":{"alt_text":"","src":"https:\/\/i0.wp.com\/gomos.se\/wp-content\/uploads\/2025\/11\/featured-9.jpg?resize=350%2C200&ssl=1","width":350,"height":200,"srcset":"https:\/\/i0.wp.com\/gomos.se\/wp-content\/uploads\/2025\/11\/featured-9.jpg?resize=350%2C200&ssl=1 1x, https:\/\/i0.wp.com\/gomos.se\/wp-content\/uploads\/2025\/11\/featured-9.jpg?resize=525%2C300&ssl=1 1.5x, https:\/\/i0.wp.com\/gomos.se\/wp-content\/uploads\/2025\/11\/featured-9.jpg?resize=700%2C400&ssl=1 2x"},"classes":[]},{"id":162,"url":"https:\/\/gomos.se\/en\/about-the-metropolis\/","url_meta":{"origin":252,"position":3},"title":"Metropolis","author":"mplexus","date":"June 9, 2025","format":false,"excerpt":"[:en] Holy Metropolis of Sweden and All Scandinavia The Holy Metropolis of Sweden and All Scandinavia is composed of Sweden, Norway, Denmark, and Iceland, and its see is based in Stockholm. It was established on August 12, 1969 by the Ecumenical Patriarchate, through the issuing of a Patriarchal and Synodical\u2026","rel":"","context":"Similar post","block_context":{"text":"Similar post","link":""},"img":{"alt_text":"","src":"https:\/\/i0.wp.com\/gomos.se\/wp-content\/uploads\/2025\/05\/Metropolis-of-Sweden.png?fit=624%2C310&ssl=1&resize=350%2C200","width":350,"height":200,"srcset":"https:\/\/i0.wp.com\/gomos.se\/wp-content\/uploads\/2025\/05\/Metropolis-of-Sweden.png?fit=624%2C310&ssl=1&resize=350%2C200 1x, https:\/\/i0.wp.com\/gomos.se\/wp-content\/uploads\/2025\/05\/Metropolis-of-Sweden.png?fit=624%2C310&ssl=1&resize=525%2C300 1.5x"},"classes":[]},{"id":3271,"url":"https:\/\/gomos.se\/en\/galleri\/metropolitan-cleopas-visits\/","url_meta":{"origin":252,"position":4},"title":"Metropolitan Cleopas&#8217; Visits","author":"mplexus","date":"March 4, 2026","format":false,"excerpt":"[:en] Wednesday, March 25th, 2026 March 25th 1821 celebration at the Greek Ambassador's Residence in Stockholm. Friday, March 20th, 2026 H.E. Metropolitan Cleopas of Sweden and All Scandinavia\u2019s Homily on the Fourth Stanza of the Akathist to the Theotokos Annunciation Metropolitan Church of Oslo Sunday, February 8th, 2026 Greeting by\u2026","rel":"","context":"Similar post","block_context":{"text":"Similar post","link":""},"img":{"alt_text":"","src":"https:\/\/i0.wp.com\/gomos.se\/wp-content\/uploads\/2026\/03\/657692359_1237344715218603_7726264411001044681_n.jpg?resize=350%2C200&ssl=1","width":350,"height":200,"srcset":"https:\/\/i0.wp.com\/gomos.se\/wp-content\/uploads\/2026\/03\/657692359_1237344715218603_7726264411001044681_n.jpg?resize=350%2C200&ssl=1 1x, https:\/\/i0.wp.com\/gomos.se\/wp-content\/uploads\/2026\/03\/657692359_1237344715218603_7726264411001044681_n.jpg?resize=525%2C300&ssl=1 1.5x, https:\/\/i0.wp.com\/gomos.se\/wp-content\/uploads\/2026\/03\/657692359_1237344715218603_7726264411001044681_n.jpg?resize=700%2C400&ssl=1 2x, https:\/\/i0.wp.com\/gomos.se\/wp-content\/uploads\/2026\/03\/657692359_1237344715218603_7726264411001044681_n.jpg?resize=1050%2C600&ssl=1 3x"},"classes":[]},{"id":1374,"url":"https:\/\/gomos.se\/en\/ministries\/youth-ministry-goys\/","url_meta":{"origin":252,"position":5},"title":"GOYS","author":"mplexus","date":"October 10, 2025","format":false,"excerpt":"[:en] We are pleased to announce the formation of a new youth group at St. George Cathedral of Stockholm, under the name GOYS (Greek Orthodox Youth of Scandinavia), with activities beginning on Sunday, October 12, 2025, at 11:30 a.m. The group is open to all children from 6th through 12th\u2026","rel":"","context":"Similar post","block_context":{"text":"Similar post","link":""},"img":{"alt_text":"","src":"https:\/\/i0.wp.com\/gomos.se\/wp-content\/uploads\/2025\/10\/GOYS-small.jpg?fit=650%2C430&ssl=1&resize=350%2C200","width":350,"height":200,"srcset":"https:\/\/i0.wp.com\/gomos.se\/wp-content\/uploads\/2025\/10\/GOYS-small.jpg?fit=650%2C430&ssl=1&resize=350%2C200 1x, https:\/\/i0.wp.com\/gomos.se\/wp-content\/uploads\/2025\/10\/GOYS-small.jpg?fit=650%2C430&ssl=1&resize=525%2C300 1.5x"},"classes":[]}],"_links":{"self":[{"href":"https:\/\/gomos.se\/en\/wp-json\/wp\/v2\/pages\/252","targetHints":{"allow":["GET"]}}],"collection":[{"href":"https:\/\/gomos.se\/en\/wp-json\/wp\/v2\/pages"}],"about":[{"href":"https:\/\/gomos.se\/en\/wp-json\/wp\/v2\/types\/page"}],"author":[{"embeddable":true,"href":"https:\/\/gomos.se\/en\/wp-json\/wp\/v2\/users\/1"}],"replies":[{"embeddable":true,"href":"https:\/\/gomos.se\/en\/wp-json\/wp\/v2\/comments?post=252"}],"version-history":[{"count":35,"href":"https:\/\/gomos.se\/en\/wp-json\/wp\/v2\/pages\/252\/revisions"}],"predecessor-version":[{"id":1736,"href":"https:\/\/gomos.se\/en\/wp-json\/wp\/v2\/pages\/252\/revisions\/1736"}],"up":[{"embeddable":true,"href":"https:\/\/gomos.se\/en\/wp-json\/wp\/v2\/pages\/162"}],"wp:attachment":[{"href":"https:\/\/gomos.se\/en\/wp-json\/wp\/v2\/media?parent=252"}],"curies":[{"name":"wp","href":"https:\/\/api.w.org\/{rel}","templated":true}]}}